{"id":7,"date":"2020-10-03T14:48:58","date_gmt":"2020-10-03T14:48:58","guid":{"rendered":"http:\/\/demo.athemes.com\/sp-plumber\/?page_id=7"},"modified":"2022-09-26T14:07:04","modified_gmt":"2022-09-26T12:07:04","slug":"home","status":"publish","type":"page","link":"https:\/\/stammen.energy\/","title":{"rendered":"Leistungen"},"content":{"rendered":"\t\t<div data-elementor-type=\"wp-page\" data-elementor-id=\"7\" class=\"elementor elementor-7\" data-elementor-settings=\"[]\">\n\t\t\t\t\t\t<div class=\"elementor-inner\">\n\t\t\t\t\t\t\t<div class=\"elementor-section-wrap\">\n\t\t\t\t\t\t\t<section class=\"elementor-section elementor-top-section elementor-element elementor-element-bed5257 elementor-section-content-middle elementor-section-boxed elementor-section-height-default elementor-section-height-default\" data-id=\"bed5257\" data-element_type=\"section\" data-settings=\"{&quot;background_background&quot;:&quot;classic&quot;}\">\n\t\t\t\t\t\t<div class=\"elementor-container elementor-column-gap-default\">\n\t\t\t\t\t\t\t<div class=\"elementor-row\">\n\t\t\t\t\t<div class=\"elementor-column elementor-col-100 elementor-top-column elementor-element elementor-element-8baad7d\" data-id=\"8baad7d\" data-element_type=\"column\">\n\t\t\t<div class=\"elementor-column-wrap elementor-element-populated\">\n\t\t\t\t\t\t\t<div class=\"elementor-widget-wrap\">\n\t\t\t\t\t\t<div class=\"elementor-element elementor-element-e036f5d elementor-widget elementor-widget-text-editor\" data-id=\"e036f5d\" data-element_type=\"widget\" data-widget_type=\"text-editor.default\">\n\t\t\t\t<div class=\"elementor-widget-container\">\n\t\t\t\t\t<div class=\"elementor-text-editor elementor-clearfix\"><\/div>\n\t\t\t\t<\/div>\n\t\t\t\t<\/div>\n\t\t\t\t<div class=\"elementor-element elementor-element-794c464 elementor-widget elementor-widget-text-editor\" data-id=\"794c464\" data-element_type=\"widget\" data-widget_type=\"text-editor.default\">\n\t\t\t\t<div class=\"elementor-widget-container\">\n\t\t\t\t\t<div class=\"elementor-text-editor elementor-clearfix\"><p>Als unabh\u00e4ngiger Ingenieur und Energieberater berate ich Sie individuell zu energetisch und wirtschaftlich sinnvollen Sanierungsma\u00dfnahmen f\u00fcr Ihr Wohngeb\u00e4ude in Korschenbroich, Neuss, Grevenbroich, M\u00f6nchengladbach und Umgebung.<br \/>Bei einer umfangreichen, \u00f6ffentlich gef\u00f6rderten Energieberatung erstelle ich einen individuellen Sanierungsfahrplan (iSFP). Er\u00a0 enth\u00e4lt f\u00fcr aufeinander aufbauende Sanierungsma\u00dfnahmen eine fundierte Einsch\u00e4tzung zu Kosten, F\u00f6rderung und erreichbaren Einsparungen. Einige Sanierungsma\u00dfnahmen werden mit iSFP h\u00f6her gef\u00f6rdert. Der Zeitaufwand f\u00fcr den iSFP und die hohe Nachfrage f\u00fchren allerdings zu einer l\u00e4ngeren Vorlaufzeit.<\/p><p>Kurzfristiger biete ich auch energetische Erstberatungen an, wenn Sie im Vorfeld einer geplanten Sanierung \u00fcber weitere sinnvolle Ma\u00dfnahmen und verf\u00fcgbare F\u00f6rderungen informiert werden m\u00f6chten. Dies bietet sich vor allem bei einem geplanten Wechsel von einer \u00e4lteren Heizung auf eine W\u00e4rmepumpe an.<\/p><p>Im pers\u00f6nlichen Gespr\u00e4ch erl\u00e4utere ich Ihnen die Details und Vorlaufzeiten.<\/p><p>F\u00f6rderprogramme des Bundes helfen Ihnen bei der energetischen Sanierung mit Zusch\u00fcssen oder Krediten. Das Land NRW und einige St\u00e4dte (D\u00fcsseldorf, K\u00f6ln) bieten ebenfalls interessante F\u00f6rderprogramme, die teilweise vom Bund nicht gef\u00f6rderte Bereiche abdecken oder sogar Bundeszusch\u00fcsse erg\u00e4nzen k\u00f6nnen.\u00a0<\/p><p>Die Umsetzung von energetischen Sanierungsma\u00dfnahmen begleite\u00a0ich durch F\u00f6rderantr\u00e4ge, Planung und Baubegleitung. Bei einer gut geplanten und\u00a0fachgerecht umgesetzten energetischen Sanierung profitieren Sie gemeinsam mit\u00a0der Umwelt vom reduzierten Energiebedarf. Dabei sollten Sie nicht nur langfristige Vorteile durch stabilere Energiekosten und den verbesserten\u00a0Werterhalt Ihrer Immobilie ber\u00fccksichtigen, denn Behaglichkeit und Komfort\u00a0erh\u00f6hen sich sofort.<\/p><p>Nutzen Sie auch meine Anwendungs-und Beratungserfahrungen in den Bereichen Solarthermie, Photovoltaik und Elektromobilit\u00e4t.<\/p><p>Per Telefon vereinbaren wir unkompliziert einen\u00a0Beratungstermin. Eine kurze Email mit Angaben zu Ihrem Objekt und einigen Fotos\u00a0schafft eine gute Diskussionsgrundlage.<\/p><p>Sie k\u00f6nnen mich tags\u00fcber mobil oder im B\u00fcro erreichen und mir jederzeit gerne eine E-Mail an <a href=\"ma&#105;&#108;&#116;&#x6f;&#x3a;&#x70;&#x6f;&#x73;t&#64;&#115;&#116;&#97;&#x6d;&#x6d;&#x65;&#x6e;&#x2e;en&#101;&#114;&#103;&#x79;\">po&#115;&#116;&#x40;&#x73;&#x74;&#x61;mm&#101;&#110;&#x2e;&#x65;&#x6e;&#x65;rg&#121;<\/a> senden. Ich freue mich auf Ihre Anfrage.<\/p><p>Ihr<\/p><p>Christian Stammen<\/p><\/div>\n\t\t\t\t<\/div>\n\t\t\t\t<\/div>\n\t\t\t\t\t\t<\/div>\n\t\t\t\t\t<\/div>\n\t\t<\/div>\n\t\t\t\t\t\t\t\t<\/div>\n\t\t\t\t\t<\/div>\n\t\t<\/section>\n\t\t\t\t<section class=\"elementor-section elementor-top-section elementor-element elementor-element-2b5f00c elementor-section-boxed elementor-section-height-default elementor-section-height-default\" data-id=\"2b5f00c\" data-element_type=\"section\">\n\t\t\t\t\t\t<div class=\"elementor-container elementor-column-gap-default\">\n\t\t\t\t\t\t\t<div class=\"elementor-row\">\n\t\t\t\t\t<div class=\"elementor-column elementor-col-100 elementor-top-column elementor-element elementor-element-117dcd3\" data-id=\"117dcd3\" data-element_type=\"column\">\n\t\t\t<div class=\"elementor-column-wrap elementor-element-populated\">\n\t\t\t\t\t\t\t<div class=\"elementor-widget-wrap\">\n\t\t\t\t\t\t<section class=\"elementor-section elementor-inner-section elementor-element elementor-element-3c24e60 elementor-section-boxed elementor-section-height-default elementor-section-height-default\" data-id=\"3c24e60\" data-element_type=\"section\">\n\t\t\t\t\t\t<div class=\"elementor-container elementor-column-gap-default\">\n\t\t\t\t\t\t\t<div class=\"elementor-row\">\n\t\t\t\t\t<div class=\"elementor-column elementor-col-33 elementor-inner-column elementor-element elementor-element-d92af3e\" data-id=\"d92af3e\" data-element_type=\"column\">\n\t\t\t<div class=\"elementor-column-wrap elementor-element-populated\">\n\t\t\t\t\t\t\t<div class=\"elementor-widget-wrap\">\n\t\t\t\t\t\t<div class=\"elementor-element elementor-element-e258516 elementor-view-default elementor-widget elementor-widget-icon\" data-id=\"e258516\" data-element_type=\"widget\" data-widget_type=\"icon.default\">\n\t\t\t\t<div class=\"elementor-widget-container\">\n\t\t\t\t\t<div class=\"elementor-icon-wrapper\">\n\t\t\t<div class=\"elementor-icon\">\n\t\t\t<i aria-hidden=\"true\" class=\"fas fa-home\"><\/i>\t\t\t<\/div>\n\t\t<\/div>\n\t\t\t\t<\/div>\n\t\t\t\t<\/div>\n\t\t\t\t<div class=\"elementor-element elementor-element-378e5f1 elementor-widget elementor-widget-text-editor\" data-id=\"378e5f1\" data-element_type=\"widget\" data-widget_type=\"text-editor.default\">\n\t\t\t\t<div class=\"elementor-widget-container\">\n\t\t\t\t\t<div class=\"elementor-text-editor elementor-clearfix\"><p>Prof. Dr.-Ing. Christian Stammen<br \/><span style=\"background-color: transparent;\">Am Kerper Weiher 52<br \/><\/span><span style=\"background-color: transparent;\">41352 Korschenbroich-Glehn<\/span><\/p><\/div>\n\t\t\t\t<\/div>\n\t\t\t\t<\/div>\n\t\t\t\t\t\t<\/div>\n\t\t\t\t\t<\/div>\n\t\t<\/div>\n\t\t\t\t<div class=\"elementor-column elementor-col-33 elementor-inner-column elementor-element elementor-element-ebbfb26\" data-id=\"ebbfb26\" data-element_type=\"column\">\n\t\t\t<div class=\"elementor-column-wrap elementor-element-populated\">\n\t\t\t\t\t\t\t<div class=\"elementor-widget-wrap\">\n\t\t\t\t\t\t<div class=\"elementor-element elementor-element-5274938 elementor-view-default elementor-widget elementor-widget-icon\" data-id=\"5274938\" data-element_type=\"widget\" data-widget_type=\"icon.default\">\n\t\t\t\t<div class=\"elementor-widget-container\">\n\t\t\t\t\t<div class=\"elementor-icon-wrapper\">\n\t\t\t<div class=\"elementor-icon\">\n\t\t\t<i aria-hidden=\"true\" class=\"fas fa-phone\"><\/i>\t\t\t<\/div>\n\t\t<\/div>\n\t\t\t\t<\/div>\n\t\t\t\t<\/div>\n\t\t\t\t<div class=\"elementor-element elementor-element-446e29f elementor-widget elementor-widget-text-editor\" data-id=\"446e29f\" data-element_type=\"widget\" data-widget_type=\"text-editor.default\">\n\t\t\t\t<div class=\"elementor-widget-container\">\n\t\t\t\t\t<div class=\"elementor-text-editor elementor-clearfix\"><p><b>Festnetz<\/b> +49 2182 8829278<br \/><br \/><b style=\"background-color: transparent;\">Mobil\u00a0 \u00a0 \u00a0\u00a0<\/b><span style=\"background-color: transparent;\">+49 15 14 28 14 104<\/span><\/p><\/div>\n\t\t\t\t<\/div>\n\t\t\t\t<\/div>\n\t\t\t\t\t\t<\/div>\n\t\t\t\t\t<\/div>\n\t\t<\/div>\n\t\t\t\t<div class=\"elementor-column elementor-col-33 elementor-inner-column elementor-element elementor-element-a07d3ac\" data-id=\"a07d3ac\" data-element_type=\"column\">\n\t\t\t<div class=\"elementor-column-wrap elementor-element-populated\">\n\t\t\t\t\t\t\t<div class=\"elementor-widget-wrap\">\n\t\t\t\t\t\t<div class=\"elementor-element elementor-element-7c41305 elementor-view-default elementor-widget elementor-widget-icon\" data-id=\"7c41305\" data-element_type=\"widget\" data-widget_type=\"icon.default\">\n\t\t\t\t<div class=\"elementor-widget-container\">\n\t\t\t\t\t<div class=\"elementor-icon-wrapper\">\n\t\t\t<div class=\"elementor-icon\">\n\t\t\t<i aria-hidden=\"true\" class=\"fas fa-envelope-open-text\"><\/i>\t\t\t<\/div>\n\t\t<\/div>\n\t\t\t\t<\/div>\n\t\t\t\t<\/div>\n\t\t\t\t<div class=\"elementor-element elementor-element-109d839 elementor-widget elementor-widget-text-editor\" data-id=\"109d839\" data-element_type=\"widget\" data-widget_type=\"text-editor.default\">\n\t\t\t\t<div class=\"elementor-widget-container\">\n\t\t\t\t\t<div class=\"elementor-text-editor elementor-clearfix\"><p><span style=\"background-color: transparent;\"><b>Email\u00a0 \u00a0<\/b>po&#115;&#116;&#64;&#x73;&#x74;&#x61;&#x6d;me&#110;&#46;&#101;&#x6e;&#x65;&#x72;&#x67;y<\/span><\/p><p><b style=\"background-color: transparent;\">Fax\u00a0 \u00a0 \u00a0\u00a0<\/b><span style=\"background-color: transparent;\">\u00a0+49 2182 8829279<\/span><span style=\"background-color: transparent;\"><br \/><\/span><\/p><\/div>\n\t\t\t\t<\/div>\n\t\t\t\t<\/div>\n\t\t\t\t\t\t<\/div>\n\t\t\t\t\t<\/div>\n\t\t<\/div>\n\t\t\t\t\t\t\t\t<\/div>\n\t\t\t\t\t<\/div>\n\t\t<\/section>\n\t\t\t\t\t\t<\/div>\n\t\t\t\t\t<\/div>\n\t\t<\/div>\n\t\t\t\t\t\t\t\t<\/div>\n\t\t\t\t\t<\/div>\n\t\t<\/section>\n\t\t\t\t<section class=\"elementor-section elementor-top-section elementor-element elementor-element-3ddf0a8 elementor-section-boxed elementor-section-height-default elementor-section-height-default\" data-id=\"3ddf0a8\" data-element_type=\"section\" data-settings=\"{&quot;background_background&quot;:&quot;classic&quot;}\">\n\t\t\t\t\t\t<div class=\"elementor-container elementor-column-gap-default\">\n\t\t\t\t\t\t\t<div class=\"elementor-row\">\n\t\t\t\t\t<div class=\"elementor-column elementor-col-100 elementor-top-column elementor-element elementor-element-5ed14bd\" data-id=\"5ed14bd\" data-element_type=\"column\">\n\t\t\t<div class=\"elementor-column-wrap elementor-element-populated\">\n\t\t\t\t\t\t\t<div class=\"elementor-widget-wrap\">\n\t\t\t\t\t\t<section class=\"elementor-section elementor-inner-section elementor-element elementor-element-e822012 elementor-section-boxed elementor-section-height-default elementor-section-height-default\" data-id=\"e822012\" data-element_type=\"section\">\n\t\t\t\t\t\t<div class=\"elementor-container elementor-column-gap-extended\">\n\t\t\t\t\t\t\t<div class=\"elementor-row\">\n\t\t\t\t\t<div class=\"elementor-column elementor-col-33 elementor-inner-column elementor-element elementor-element-789dfd6\" data-id=\"789dfd6\" data-element_type=\"column\" data-settings=\"{&quot;background_background&quot;:&quot;classic&quot;}\">\n\t\t\t<div class=\"elementor-column-wrap elementor-element-populated\">\n\t\t\t\t\t\t\t<div class=\"elementor-widget-wrap\">\n\t\t\t\t\t\t<div class=\"elementor-element elementor-element-971489f elementor-view-default elementor-position-top elementor-vertical-align-top elementor-widget elementor-widget-icon-box\" data-id=\"971489f\" data-element_type=\"widget\" data-widget_type=\"icon-box.default\">\n\t\t\t\t<div class=\"elementor-widget-container\">\n\t\t\t\t\t<div class=\"elementor-icon-box-wrapper\">\n\t\t\t\t\t\t<div class=\"elementor-icon-box-icon\">\n\t\t\t\t<span class=\"elementor-icon elementor-animation-\" >\n\t\t\t\t<i aria-hidden=\"true\" class=\"far fa-comments\"><\/i>\t\t\t\t<\/span>\n\t\t\t<\/div>\n\t\t\t\t\t\t<div class=\"elementor-icon-box-content\">\n\t\t\t\t<h3 class=\"elementor-icon-box-title\">\n\t\t\t\t\t<span >Energieberatung<\/span>\n\t\t\t\t<\/h3>\n\t\t\t\t\t\t\t<\/div>\n\t\t<\/div>\n\t\t\t\t<\/div>\n\t\t\t\t<\/div>\n\t\t\t\t<div class=\"elementor-element elementor-element-1171a50 elementor-widget elementor-widget-image\" data-id=\"1171a50\" data-element_type=\"widget\" data-widget_type=\"image.default\">\n\t\t\t\t<div class=\"elementor-widget-container\">\n\t\t\t\t\t<div class=\"elementor-image\">\n\t\t\t\t\t\t\t\t\t\t<img loading=\"lazy\" decoding=\"async\" width=\"1024\" height=\"763\" src=\"https:\/\/stammen.energy\/wp-content\/uploads\/2021\/01\/Thermografie_Verlusttorte-1024x763.png\" class=\"attachment-large size-large\" alt=\"\" srcset=\"https:\/\/stammen.energy\/wp-content\/uploads\/2021\/01\/Thermografie_Verlusttorte-1024x763.png 1024w, https:\/\/stammen.energy\/wp-content\/uploads\/2021\/01\/Thermografie_Verlusttorte-300x224.png 300w, https:\/\/stammen.energy\/wp-content\/uploads\/2021\/01\/Thermografie_Verlusttorte-768x572.png 768w, https:\/\/stammen.energy\/wp-content\/uploads\/2021\/01\/Thermografie_Verlusttorte-1536x1145.png 1536w, https:\/\/stammen.energy\/wp-content\/uploads\/2021\/01\/Thermografie_Verlusttorte-2048x1526.png 2048w, https:\/\/stammen.energy\/wp-content\/uploads\/2021\/01\/Thermografie_Verlusttorte-830x619.png 830w, https:\/\/stammen.energy\/wp-content\/uploads\/2021\/01\/Thermografie_Verlusttorte-230x171.png 230w, https:\/\/stammen.energy\/wp-content\/uploads\/2021\/01\/Thermografie_Verlusttorte-350x261.png 350w, https:\/\/stammen.energy\/wp-content\/uploads\/2021\/01\/Thermografie_Verlusttorte-480x358.png 480w\" sizes=\"auto, (max-width: 1024px) 100vw, 1024px\" \/>\t\t\t\t\t\t\t\t\t\t\t<\/div>\n\t\t\t\t<\/div>\n\t\t\t\t<\/div>\n\t\t\t\t<div class=\"elementor-element elementor-element-4c830e3 elementor-widget elementor-widget-text-editor\" data-id=\"4c830e3\" data-element_type=\"widget\" data-widget_type=\"text-editor.default\">\n\t\t\t\t<div class=\"elementor-widget-container\">\n\t\t\t\t\t<div class=\"elementor-text-editor elementor-clearfix\"><p>Die Vor-Ort-Energieberatung hilft Ihnen, einen \u00dcberblick \u00fcber die energetischen Zustand Ihrer Immobilie zu erhalten. <br>Die Daten der Geb\u00e4udeh\u00fclle werden beim Vor-Ort-Termin vom Keller bis zum Dach aufgenommen, die vorhandene Anlagentechnik f\u00fcr Heizung und Warmwasser wird ebenfalls bewertet. Im ersten Gespr\u00e4ch spielen Ihre Pl\u00e4ne zur zuk\u00fcnftigen Nutzung&nbsp; eine wichtige Rolle, denn eine energetische Sanierung kann gut mit einigen Modernisierungen verbunden werden und die Weichen f\u00fcr die n\u00e4chsten Jahre der Nutzung stellen.&nbsp;<br><br>Anhand von Berechnungen und einem umfangreichen Bericht erl\u00e4utere ich Ihnen in der Nachbesprechung wirtschaftlich sinnvolle Sanierungsma\u00dfnahmen, zeige Ihnen&nbsp; die jeweiligen Einsparpotentiale, Kosten und F\u00f6rdermittelanteile auf und gehe auf Ihre Fragen ein.&nbsp;<\/p>\n<p>Die Vor-Ort-Beratung wird von der BAFA hoch bezuschusst. Die jeweils aktuellen Konditionen erl\u00e4utere ich Ihnen gerne, nehmen Sie dazu unverbindlich Kontakt mit mir auf.<\/p><\/div>\n\t\t\t\t<\/div>\n\t\t\t\t<\/div>\n\t\t\t\t\t\t<\/div>\n\t\t\t\t\t<\/div>\n\t\t<\/div>\n\t\t\t\t<div class=\"elementor-column elementor-col-33 elementor-inner-column elementor-element elementor-element-2d3f26a\" data-id=\"2d3f26a\" data-element_type=\"column\" data-settings=\"{&quot;background_background&quot;:&quot;classic&quot;}\">\n\t\t\t<div class=\"elementor-column-wrap elementor-element-populated\">\n\t\t\t\t\t\t\t<div class=\"elementor-widget-wrap\">\n\t\t\t\t\t\t<div class=\"elementor-element elementor-element-4205368 elementor-view-default elementor-position-top elementor-vertical-align-top elementor-widget elementor-widget-icon-box\" data-id=\"4205368\" data-element_type=\"widget\" data-widget_type=\"icon-box.default\">\n\t\t\t\t<div class=\"elementor-widget-container\">\n\t\t\t\t\t<div class=\"elementor-icon-box-wrapper\">\n\t\t\t\t\t\t<div class=\"elementor-icon-box-icon\">\n\t\t\t\t<span class=\"elementor-icon elementor-animation-\" >\n\t\t\t\t<i aria-hidden=\"true\" class=\"fas fa-calculator\"><\/i>\t\t\t\t<\/span>\n\t\t\t<\/div>\n\t\t\t\t\t\t<div class=\"elementor-icon-box-content\">\n\t\t\t\t<h3 class=\"elementor-icon-box-title\">\n\t\t\t\t\t<span >Planung<\/span>\n\t\t\t\t<\/h3>\n\t\t\t\t\t\t\t<\/div>\n\t\t<\/div>\n\t\t\t\t<\/div>\n\t\t\t\t<\/div>\n\t\t\t\t<div class=\"elementor-element elementor-element-2fdba24 elementor-widget elementor-widget-image\" data-id=\"2fdba24\" data-element_type=\"widget\" data-widget_type=\"image.default\">\n\t\t\t\t<div class=\"elementor-widget-container\">\n\t\t\t\t\t<div class=\"elementor-image\">\n\t\t\t\t\t\t\t\t\t\t<img decoding=\"async\" src=\"https:\/\/stammen.energy\/wp-content\/uploads\/elementor\/thumbs\/TerasseVakuumdaemmung-p1324eqhhybt1zhqdczddhz9msurw5ugqbo99ayeww.png\" title=\"TerasseVakuumd\u00e4mmung\" alt=\"TerasseVakuumd\u00e4mmung\" \/>\t\t\t\t\t\t\t\t\t\t\t<\/div>\n\t\t\t\t<\/div>\n\t\t\t\t<\/div>\n\t\t\t\t<div class=\"elementor-element elementor-element-5549b30 elementor-widget elementor-widget-text-editor\" data-id=\"5549b30\" data-element_type=\"widget\" data-widget_type=\"text-editor.default\">\n\t\t\t\t<div class=\"elementor-widget-container\">\n\t\t\t\t\t<div class=\"elementor-text-editor elementor-clearfix\"><p>Wenn Sie Einzelma\u00dfnahmen oder eine umfassende energetische Sanierung durchf\u00fchren m\u00f6chten, unterst\u00fctze ich Sie bei der\u00a0 Beantragung von \u00f6ffentlichen F\u00f6rdermitteln.\u00a0<\/p><p>Wenn nicht schon im Rahmen einer Energieberatung erfolgt, ist eine genauere Betrachtung und Beratung zu sinnvollen Begleitma\u00dfnahmen wie der Minimierung von W\u00e4rmebr\u00fccken oder angepa\u00dfter L\u00fcftung sinnvoll.<\/p><p>Ich unterst\u00fctze Sie auch bei der Einholung und Beurteilung von Angeboten zur Auswahl geeigneter Partner f\u00fcr die Umsetzung.\u00a0<\/p><p>Nach Wunsch berate ich Ihre Architekten oder Statiker zur energetisch g\u00fcnstigen Gestaltung von Erweiterungen und Neubau sowie der geeigneten Definition der f\u00fcr F\u00f6rderf\u00e4higkeit wichtigen Details in den Ausschreibungen der Gewerke.\u00a0<\/p><\/div>\n\t\t\t\t<\/div>\n\t\t\t\t<\/div>\n\t\t\t\t\t\t<\/div>\n\t\t\t\t\t<\/div>\n\t\t<\/div>\n\t\t\t\t<div class=\"elementor-column elementor-col-33 elementor-inner-column elementor-element elementor-element-4562a17\" data-id=\"4562a17\" data-element_type=\"column\" data-settings=\"{&quot;background_background&quot;:&quot;classic&quot;}\">\n\t\t\t<div class=\"elementor-column-wrap elementor-element-populated\">\n\t\t\t\t\t\t\t<div class=\"elementor-widget-wrap\">\n\t\t\t\t\t\t<div class=\"elementor-element elementor-element-89495ca elementor-view-default elementor-position-top elementor-vertical-align-top elementor-widget elementor-widget-icon-box\" data-id=\"89495ca\" data-element_type=\"widget\" data-widget_type=\"icon-box.default\">\n\t\t\t\t<div class=\"elementor-widget-container\">\n\t\t\t\t\t<div class=\"elementor-icon-box-wrapper\">\n\t\t\t\t\t\t<div class=\"elementor-icon-box-icon\">\n\t\t\t\t<span class=\"elementor-icon elementor-animation-\" >\n\t\t\t\t<i aria-hidden=\"true\" class=\"fas fa-glasses\"><\/i>\t\t\t\t<\/span>\n\t\t\t<\/div>\n\t\t\t\t\t\t<div class=\"elementor-icon-box-content\">\n\t\t\t\t<h3 class=\"elementor-icon-box-title\">\n\t\t\t\t\t<span >Baubegleitung<\/span>\n\t\t\t\t<\/h3>\n\t\t\t\t\t\t\t<\/div>\n\t\t<\/div>\n\t\t\t\t<\/div>\n\t\t\t\t<\/div>\n\t\t\t\t<div class=\"elementor-element elementor-element-9e14188 elementor-widget elementor-widget-image\" data-id=\"9e14188\" data-element_type=\"widget\" data-widget_type=\"image.default\">\n\t\t\t\t<div class=\"elementor-widget-container\">\n\t\t\t\t\t<div class=\"elementor-image\">\n\t\t\t\t\t\t\t\t\t\t<img loading=\"lazy\" decoding=\"async\" width=\"965\" height=\"234\" src=\"https:\/\/stammen.energy\/wp-content\/uploads\/2021\/01\/EE_EnergieeffizienzExperten_Logo_M.jpg\" class=\"attachment-large size-large\" alt=\"\" srcset=\"https:\/\/stammen.energy\/wp-content\/uploads\/2021\/01\/EE_EnergieeffizienzExperten_Logo_M.jpg 965w, https:\/\/stammen.energy\/wp-content\/uploads\/2021\/01\/EE_EnergieeffizienzExperten_Logo_M-300x73.jpg 300w, https:\/\/stammen.energy\/wp-content\/uploads\/2021\/01\/EE_EnergieeffizienzExperten_Logo_M-768x186.jpg 768w, https:\/\/stammen.energy\/wp-content\/uploads\/2021\/01\/EE_EnergieeffizienzExperten_Logo_M-830x201.jpg 830w, https:\/\/stammen.energy\/wp-content\/uploads\/2021\/01\/EE_EnergieeffizienzExperten_Logo_M-230x56.jpg 230w, https:\/\/stammen.energy\/wp-content\/uploads\/2021\/01\/EE_EnergieeffizienzExperten_Logo_M-350x85.jpg 350w, https:\/\/stammen.energy\/wp-content\/uploads\/2021\/01\/EE_EnergieeffizienzExperten_Logo_M-480x116.jpg 480w\" sizes=\"auto, (max-width: 965px) 100vw, 965px\" \/>\t\t\t\t\t\t\t\t\t\t\t<\/div>\n\t\t\t\t<\/div>\n\t\t\t\t<\/div>\n\t\t\t\t<div class=\"elementor-element elementor-element-0b53a58 elementor-widget elementor-widget-text-editor\" data-id=\"0b53a58\" data-element_type=\"widget\" data-widget_type=\"text-editor.default\">\n\t\t\t\t<div class=\"elementor-widget-container\">\n\t\t\t\t\t<div class=\"elementor-text-editor elementor-clearfix\"><p>Im Rahmen der Baubegleitung achte ich darauf, dass bei Sanierung die technischen Vorgaben eingehalten werden.&nbsp;<\/p>\n<p>Ich \u00fcberpr\u00fcfe die \u00dcbereinstimmung der verbauten Produkten mit den geforderten Materialeigenschaften und \u00fcberzeuge mich von der korrekten Verarbeitung entsprechend der Regeln der Technik.<br>Dazu bin ich abh\u00e4ngig vom Gewerk zum Ende der Arbeiten hin einmal oder auch mehrfach vor Ort. Sollten M\u00e4ngel auffallen, werden diese dem ausf\u00fchrenden Unternehmen in einem Bericht aufgezeigt und von diesem behoben.<\/p>\n<p>Abschlie\u00dfend best\u00e4tige ich die fachgerechte Ausf\u00fchrung und melde sie an den F\u00f6rdermittelgeber, so dass die beantragten&nbsp; Zusch\u00fcsse ausgezahlt werden k\u00f6nnen.<\/p>\n<p><\/p><br><\/div>\n\t\t\t\t<\/div>\n\t\t\t\t<\/div>\n\t\t\t\t\t\t<\/div>\n\t\t\t\t\t<\/div>\n\t\t<\/div>\n\t\t\t\t\t\t\t\t<\/div>\n\t\t\t\t\t<\/div>\n\t\t<\/section>\n\t\t\t\t\t\t<\/div>\n\t\t\t\t\t<\/div>\n\t\t<\/div>\n\t\t\t\t\t\t\t\t<\/div>\n\t\t\t\t\t<\/div>\n\t\t<\/section>\n\t\t\t\t\t\t<\/div>\n\t\t\t\t\t\t<\/div>\n\t\t\t\t\t<\/div>\n\t\t","protected":false},"excerpt":{"rendered":"<p>Als unabh\u00e4ngiger Ingenieur und Energieberater berate ich Sie individuell zu energetisch und wirtschaftlich sinnvollen Sanierungsma\u00dfnahmen f\u00fcr Ihr Wohngeb\u00e4ude in Korschenbroich, Neuss, Grevenbroich, M\u00f6nchengladbach und Umgebung.Bei [&hellip;]<\/p>\n","protected":false},"author":1,"featured_media":0,"parent":0,"menu_order":0,"comment_status":"closed","ping_status":"closed","template":"page-templates\/page_front-page.php","meta":{"footnotes":""},"class_list":["post-7","page","type-page","status-publish","hentry"],"_links":{"self":[{"href":"https:\/\/stammen.energy\/index.php?rest_route=\/wp\/v2\/pages\/7","targetHints":{"allow":["GET"]}}],"collection":[{"href":"https:\/\/stammen.energy\/index.php?rest_route=\/wp\/v2\/pages"}],"about":[{"href":"https:\/\/stammen.energy\/index.php?rest_route=\/wp\/v2\/types\/page"}],"author":[{"embeddable":true,"href":"https:\/\/stammen.energy\/index.php?rest_route=\/wp\/v2\/users\/1"}],"replies":[{"embeddable":true,"href":"https:\/\/stammen.energy\/index.php?rest_route=%2Fwp%2Fv2%2Fcomments&post=7"}],"version-history":[{"count":68,"href":"https:\/\/stammen.energy\/index.php?rest_route=\/wp\/v2\/pages\/7\/revisions"}],"predecessor-version":[{"id":695,"href":"https:\/\/stammen.energy\/index.php?rest_route=\/wp\/v2\/pages\/7\/revisions\/695"}],"wp:attachment":[{"href":"https:\/\/stammen.energy\/index.php?rest_route=%2Fwp%2Fv2%2Fmedia&parent=7"}],"curies":[{"name":"wp","href":"https:\/\/api.w.org\/{rel}","templated":true}]}}